{"id":4535,"date":"2023-10-20T10:55:30","date_gmt":"2023-10-20T09:55:30","guid":{"rendered":"https:\/\/www.afb.pt\/contactos\/"},"modified":"2024-02-05T10:52:02","modified_gmt":"2024-02-05T10:52:02","slug":"contacts","status":"publish","type":"page","link":"https:\/\/www.afb.pt\/fr\/contacts\/","title":{"rendered":"Contacts"},"content":{"rendered":"\t\t<div data-elementor-type=\"wp-page\" data-elementor-id=\"4535\" class=\"elementor elementor-4535 elementor-26\">\n\t\t\t\t<div class=\"elementor-element elementor-element-64bf4d2 e-flex e-con-boxed parallax_section_no qode_elementor_container_no e-con e-parent\" data-id=\"64bf4d2\" data-element_type=\"container\" data-e-type=\"container\" data-settings=\"{&quot;background_background&quot;:&quot;classic&quot;}\">\n\t\t\t\t\t<div class=\"e-con-inner\">\n\t\t<div class=\"elementor-element elementor-element-2559ff1 e-con-full e-flex parallax_section_no qode_elementor_container_no e-con e-child\" data-id=\"2559ff1\" data-element_type=\"container\" data-e-type=\"container\">\n\t\t\t\t<div class=\"elementor-element elementor-element-92ce940 elementor-widget elementor-widget-text-editor\" data-id=\"92ce940\" data-element_type=\"widget\" data-e-type=\"widget\" data-widget_type=\"text-editor.default\">\n\t\t\t\t<div class=\"elementor-widget-container\">\n\t\t\t\t\t\t\t\t\t<h1 class=\"ws-label\">Contacts<\/h1>\t\t\t\t\t\t\t\t<\/div>\n\t\t\t\t<\/div>\n\t\t\t\t<div class=\"elementor-element elementor-element-f7a03c6 elementor-widget elementor-widget-text-editor\" data-id=\"f7a03c6\" data-element_type=\"widget\" data-e-type=\"widget\" data-widget_type=\"text-editor.default\">\n\t\t\t\t<div class=\"elementor-widget-container\">\n\t\t\t\t\t\t\t\t\tAFB &#8211; L\u00ednguas, Forma\u00e7\u00e3o e Servi\u00e7os, Lda\t\t\t\t\t\t\t\t<\/div>\n\t\t\t\t<\/div>\n\t\t\t\t<div class=\"elementor-element elementor-element-6fe10eb elementor-widget elementor-widget-text-editor\" data-id=\"6fe10eb\" data-element_type=\"widget\" data-e-type=\"widget\" data-widget_type=\"text-editor.default\">\n\t\t\t\t<div class=\"elementor-widget-container\">\n\t\t\t\t\t\t\t\t\tCourriel: <a href=\"mailto:afblinguas@afb.pt\">afblinguas@afb.pt<\/a>\t\t\t\t\t\t\t\t<\/div>\n\t\t\t\t<\/div>\n\t\t\t\t<div class=\"elementor-element elementor-element-74e0723 elementor-widget elementor-widget-text-editor\" data-id=\"74e0723\" data-element_type=\"widget\" data-e-type=\"widget\" data-widget_type=\"text-editor.default\">\n\t\t\t\t<div class=\"elementor-widget-container\">\n\t\t\t\t\t\t\t\t\tT\u00e9l\u00e9phone: <a class=\"ws_phone_track\" href=\"tel:213153415\"> 21 315 34 15 <\/a> <span style=\"font-size: 10px; color: #3d3d3d;\">(Appel vers le r\u00e9seau fixe national)<\/span>\t\t\t\t\t\t\t\t<\/div>\n\t\t\t\t<\/div>\n\t\t\t\t<div class=\"elementor-element elementor-element-329970a elementor-widget elementor-widget-text-editor\" data-id=\"329970a\" data-element_type=\"widget\" data-e-type=\"widget\" data-widget_type=\"text-editor.default\">\n\t\t\t\t<div class=\"elementor-widget-container\">\n\t\t\t\t\t\t\t\t\tMobile: <a class=\"ws_phone_track\" href=\"tel:916606915\"> 91 660 69 15 <\/a> <span style=\"font-size: 10px; color: #3d3d3d;\">(Appel vers le r\u00e9seau mobile national)<\/span>\t\t\t\t\t\t\t\t<\/div>\n\t\t\t\t<\/div>\n\t\t\t\t<div class=\"elementor-element elementor-element-5dd4172 elementor-widget elementor-widget-spacer\" data-id=\"5dd4172\" data-element_type=\"widget\" data-e-type=\"widget\" data-widget_type=\"spacer.default\">\n\t\t\t\t<div class=\"elementor-widget-container\">\n\t\t\t\t\t\t\t<div class=\"elementor-spacer\">\n\t\t\t<div class=\"elementor-spacer-inner\"><\/div>\n\t\t<\/div>\n\t\t\t\t\t\t<\/div>\n\t\t\t\t<\/div>\n\t\t<div class=\"elementor-element elementor-element-e923f12 e-flex e-con-boxed parallax_section_no qode_elementor_container_no e-con e-child\" data-id=\"e923f12\" data-element_type=\"container\" data-e-type=\"container\" data-settings=\"{&quot;background_background&quot;:&quot;classic&quot;}\">\n\t\t\t\t\t<div class=\"e-con-inner\">\n\t\t\t\t<div class=\"elementor-element elementor-element-c148686 elementor-widget elementor-widget-qi_addons_for_elementor_contact_form_7\" data-id=\"c148686\" data-element_type=\"widget\" data-e-type=\"widget\" data-widget_type=\"qi_addons_for_elementor_contact_form_7.default\">\n\t\t\t\t<div class=\"elementor-widget-container\">\n\t\t\t\t\t<div class=\"qodef-shortcode qodef-m qodef-qi-contact-form-7\">\n\t\n<div class=\"wpcf7 no-js\" id=\"wpcf7-f4534-o1\" lang=\"fr-FR\" dir=\"ltr\" data-wpcf7-id=\"4534\">\n<div class=\"screen-reader-response\"><p role=\"status\" aria-live=\"polite\" aria-atomic=\"true\"><\/p> <ul><\/ul><\/div>\n<form action=\"\/fr\/wp-json\/wp\/v2\/pages\/4535#wpcf7-f4534-o1\" method=\"post\" class=\"wpcf7-form init\" aria-label=\"Formulaire de contact\" novalidate=\"novalidate\" data-status=\"init\">\n<fieldset class=\"hidden-fields-container\"><input type=\"hidden\" name=\"_wpcf7\" value=\"4534\" \/><input type=\"hidden\" name=\"_wpcf7_version\" value=\"6.1.5\" \/><input type=\"hidden\" name=\"_wpcf7_locale\" value=\"fr_FR\" \/><input type=\"hidden\" name=\"_wpcf7_unit_tag\" value=\"wpcf7-f4534-o1\" \/><input type=\"hidden\" name=\"_wpcf7_container_post\" value=\"0\" \/><input type=\"hidden\" name=\"_wpcf7_posted_data_hash\" value=\"\" \/><input type=\"hidden\" name=\"_wpcf7_recaptcha_response\" value=\"\" \/>\n<\/fieldset>\n<div class=\"two_columns_50_50 clearfix\">\n<div class=\"column1\">\n<div class=\"column_inner\">\n<span class=\"wpcf7-form-control-wrap\" data-name=\"your-name\"><input size=\"40\" maxlength=\"400\" class=\"wpcf7-form-control wpcf7-text wpcf7-validates-as-required\" autocomplete=\"name\" aria-required=\"true\" aria-invalid=\"false\" placeholder=\"Nom*\" value=\"\" type=\"text\" name=\"your-name\" \/><\/span> \n<\/div>\n<\/div>\n<div class=\"column2\">\n<div class=\"column_inner\">\n<span class=\"wpcf7-form-control-wrap\" data-name=\"your-email\"><input size=\"40\" maxlength=\"400\" class=\"wpcf7-form-control wpcf7-email wpcf7-validates-as-required wpcf7-text wpcf7-validates-as-email\" autocomplete=\"email\" aria-required=\"true\" aria-invalid=\"false\" placeholder=\"Messagerie \u00e9lectronique*\" value=\"\" type=\"email\" name=\"your-email\" \/><\/span> \n<\/div>\n<\/div>\n<\/div>\n<div>\n<span class=\"wpcf7-form-control-wrap\" data-name=\"your-subject\"><input size=\"40\" maxlength=\"400\" class=\"wpcf7-form-control wpcf7-text\" aria-invalid=\"false\" placeholder=\"Objet\" value=\"\" type=\"text\" name=\"your-subject\" \/><\/span> \n<\/div>\n<div>\n<span class=\"wpcf7-form-control-wrap\" data-name=\"your-message\"><textarea cols=\"40\" rows=\"6\" maxlength=\"2000\" class=\"wpcf7-form-control wpcf7-textarea\" aria-invalid=\"false\" placeholder=\"Message...\" name=\"your-message\"><\/textarea><\/span>\n<\/div>\n<p class=\"ws-small\" style=\"margin:8px 0px 5px 0px;\"> Les donn\u00e9es personnelles fournies ne sont utilis\u00e9es que pour r\u00e9pondre aux questions demand\u00e9es. Consultez notre  <a href=\"\/politique-confidentialite\/\">Politique de confidentialit\u00e9<\/a>.<\/p>\n<p class=\"ws-small\">(*) Champs obligatoires <\/p>\n\n<input class=\"wpcf7-form-control wpcf7-submit has-spinner\" type=\"submit\" value=\"Envoyer\" \/><div class=\"wpcf7-response-output\" aria-hidden=\"true\"><\/div>\n<\/form>\n<\/div>\n<\/div>\n\t\t\t\t<\/div>\n\t\t\t\t<\/div>\n\t\t\t\t\t<\/div>\n\t\t\t\t<\/div>\n\t\t\t\t<\/div>\n\t\t<div class=\"elementor-element elementor-element-3e6da4a e-con-full elementor-hidden-mobile e-flex parallax_section_no qode_elementor_container_no elementor-invisible e-con e-child\" data-id=\"3e6da4a\" data-element_type=\"container\" data-e-type=\"container\" data-settings=\"{&quot;animation&quot;:&quot;fadeInRight&quot;}\">\n\t\t\t\t<div class=\"elementor-element elementor-element-27a6346 elementor-widget elementor-widget-image\" data-id=\"27a6346\" data-element_type=\"widget\" data-e-type=\"widget\" data-widget_type=\"image.default\">\n\t\t\t\t<div class=\"elementor-widget-container\">\n\t\t\t\t\t\t\t\t\t\t\t\t\t\t\t<img fetchpriority=\"high\" decoding=\"async\" width=\"500\" height=\"560\" src=\"https:\/\/www.afb.pt\/wp-content\/uploads\/2023\/10\/contactos.jpg\" class=\"attachment-full size-full wp-image-4240\" alt=\"\" srcset=\"https:\/\/www.afb.pt\/wp-content\/uploads\/2023\/10\/contactos.jpg 500w, https:\/\/www.afb.pt\/wp-content\/uploads\/2023\/10\/contactos-268x300.jpg 268w\" sizes=\"(max-width: 500px) 100vw, 500px\" \/>\t\t\t\t\t\t\t\t\t\t\t\t\t\t\t<\/div>\n\t\t\t\t<\/div>\n\t\t\t\t<\/div>\n\t\t\t\t\t<\/div>\n\t\t\t\t<\/div>\n\t\t\t\t<\/div>\n\t\t","protected":false},"excerpt":{"rendered":"<p>Contacts AFB &#8211; L\u00ednguas, Forma\u00e7\u00e3o e Servi\u00e7os, LdaCourriel: afblinguas@afb.ptT\u00e9l\u00e9phone: 21 315 34 15 (Appel vers le r\u00e9seau fixe national)Mobile: 91 660 69 15 (Appel vers le r\u00e9seau mobile national) Les donn\u00e9es personnelles fournies ne sont utilis\u00e9es que pour r\u00e9pondre aux questions demand\u00e9es. Consultez notre Politique&#8230;<\/p>\n","protected":false},"author":1,"featured_media":0,"parent":0,"menu_order":0,"comment_status":"closed","ping_status":"closed","template":"full_width.php","meta":{"footnotes":""},"class_list":["post-4535","page","type-page","status-publish","hentry"],"aioseo_notices":[],"_links":{"self":[{"href":"https:\/\/www.afb.pt\/fr\/wp-json\/wp\/v2\/pages\/4535","targetHints":{"allow":["GET"]}}],"collection":[{"href":"https:\/\/www.afb.pt\/fr\/wp-json\/wp\/v2\/pages"}],"about":[{"href":"https:\/\/www.afb.pt\/fr\/wp-json\/wp\/v2\/types\/page"}],"author":[{"embeddable":true,"href":"https:\/\/www.afb.pt\/fr\/wp-json\/wp\/v2\/users\/1"}],"replies":[{"embeddable":true,"href":"https:\/\/www.afb.pt\/fr\/wp-json\/wp\/v2\/comments?post=4535"}],"version-history":[{"count":4,"href":"https:\/\/www.afb.pt\/fr\/wp-json\/wp\/v2\/pages\/4535\/revisions"}],"predecessor-version":[{"id":4539,"href":"https:\/\/www.afb.pt\/fr\/wp-json\/wp\/v2\/pages\/4535\/revisions\/4539"}],"wp:attachment":[{"href":"https:\/\/www.afb.pt\/fr\/wp-json\/wp\/v2\/media?parent=4535"}],"curies":[{"name":"wp","href":"https:\/\/api.w.org\/{rel}","templated":true}]}}